{"id":937,"date":"2020-10-12T15:18:20","date_gmt":"2020-10-12T14:18:20","guid":{"rendered":"http:\/\/felix-suttheimer.at\/?page_id=937"},"modified":"2021-01-03T16:36:01","modified_gmt":"2021-01-03T15:36:01","slug":"about","status":"publish","type":"page","link":"https:\/\/felix-suttheimer.at\/?page_id=937","title":{"rendered":"About"},"content":{"rendered":"<div data-colibri-id=\"937-c1\" class=\"style-723 style-local-937-c1 position-relative\">\n  <!---->\n  <div data-colibri-component=\"section\" data-colibri-id=\"937-c2\" id=\"about\" class=\"h-section h-section-global-spacing d-flex align-items-lg-center align-items-md-center align-items-center style-728 style-local-937-c2 position-relative\">\n    <!---->\n    <!---->\n    <div class=\"h-section-grid-container h-section-boxed-container\">\n      <div data-colibri-id=\"937-c7\" class=\"h-row-container gutters-row-lg-2 gutters-row-md-2 gutters-row-2 gutters-row-v-lg-2 gutters-row-v-md-2 gutters-row-v-2 style-733 style-local-937-c7 position-relative\">\n        <!---->\n        <div class=\"h-row justify-content-lg-center justify-content-md-center justify-content-center align-items-lg-stretch align-items-md-stretch align-items-stretch gutters-col-lg-2 gutters-col-md-2 gutters-col-2 gutters-col-v-lg-2 gutters-col-v-md-2 gutters-col-v-2\">\n          <!---->\n          <div class=\"h-column h-column-container d-flex h-col-lg-auto h-col-md-auto h-col-auto style-734-outer style-local-937-c8-outer\">\n            <div data-colibri-id=\"937-c8\" class=\"d-flex h-flex-basis h-column__inner h-px-lg-2 h-px-md-2 h-px-2 v-inner-lg-2 v-inner-md-2 v-inner-2 style-734 style-local-937-c8 position-relative\">\n              <!---->\n              <!---->\n              <div class=\"w-100 h-y-container h-column__content h-column__v-align flex-basis-100 align-self-lg-start align-self-md-start align-self-start\">\n                <!---->\n                <div data-colibri-id=\"937-c9\" class=\"h-global-transition-all h-heading style-735 style-local-937-c9 position-relative h-element\">\n                  <!---->\n                  <div class=\"h-heading__outer style-735 style-local-937-c9\">\n                    <!---->\n                    <!---->\n                    <h5 class=\"\">Haftungsausschluss<\/h5>\n                  <\/div>\n                <\/div>\n                <div data-colibri-id=\"937-c10\" class=\"h-lead h-text h-text-component style-737 style-local-937-c10 position-relative h-element\">\n                  <!---->\n                  <!---->\n                  <div class=\"\">\n                    <p>Die auf den Seiten ver\u00f6ffentlichten Medien unterstehen dem \u00f6sterreichischen Urheberrecht. Der Urheber der auf diesen Seiten befindlichen Medien weicht&nbsp;ggf. vom Webseiteninhaber ab. Der Webseiteninhaber sieht keine kommerzielle\n                      Nutzung der Medien vor und beansprucht keine Urheberschaft dieser Medien. Die Webseite www.felix-suttheimer.at und die zugeh\u00f6rigen Subseiten dienen der Ver\u00f6ffentlichung sowie Verbreitung von Wissen und haben ausschlie\u00dflich einen\n                      informativen Zweck.\n                      <br>\n                    <\/p>\n                  <\/div>\n                <\/div>\n                <div data-colibri-id=\"937-c11\" class=\"h-x-container style-931 style-local-937-c11 position-relative h-element\">\n                  <!---->\n                  <div class=\"h-x-container-inner style-dynamic-937-c11-group\">\n                    <!----><span class=\"h-button__outer style-932-outer style-local-937-c12-outer d-inline-flex h-element\"><a  h-use-smooth-scroll=\"true\" href=\"https:\/\/felix-suttheimer.at\/\"  data-colibri-id=\"937-c12\" class=\"d-flex w-100 align-items-center h-button justify-content-lg-center justify-content-md-center justify-content-center style-932 style-local-937-c12 position-relative\"><!----><!----> <span >Thanks for reading! Go back to homepage<\/span><\/a>\n                    <\/span>\n                  <\/div>\n                <\/div>\n              <\/div>\n            <\/div>\n          <\/div>\n        <\/div>\n      <\/div>\n      <div data-colibri-id=\"937-c3\" class=\"h-row-container gutters-row-lg-0 gutters-row-md-0 gutters-row-0 gutters-row-v-lg-0 gutters-row-v-md-0 gutters-row-v-0 style-729 style-local-937-c3 h-overflow-hidden position-relative\">\n        <!---->\n        <div class=\"h-row justify-content-lg-center justify-content-md-center justify-content-center align-items-lg-end align-items-md-end align-items-end gutters-col-lg-0 gutters-col-md-0 gutters-col-0 gutters-col-v-lg-0 gutters-col-v-md-0 gutters-col-v-0\">\n          <!---->\n          <div class=\"h-column h-column-container d-flex h-col-lg-auto h-col-md-auto h-col-auto align-self-lg-end align-self-md-end align-self-end style-730-outer style-local-937-c4-outer\">\n            <div data-colibri-id=\"937-c4\" class=\"d-flex h-flex-basis h-column__inner h-ui-empty-state-container h-px-lg-0 h-px-md-0 h-px-0 v-inner-lg-0 v-inner-md-0 v-inner-0 style-730 style-local-937-c4 position-relative\">\n              <!---->\n              <!---->\n              <div class=\"w-100 h-y-container h-column__content h-column__v-align flex-basis-100\">\n                <!---->\n              <\/div>\n            <\/div>\n          <\/div>\n          <div class=\"h-column h-column-container d-flex h-col-lg-auto h-col-md-auto h-col-auto align-self-lg-end align-self-md-end align-self-end style-731-outer style-local-937-c5-outer\">\n            <div data-colibri-id=\"937-c5\" class=\"d-flex h-flex-basis h-column__inner h-ui-empty-state-container h-px-lg-0 h-px-md-0 h-px-0 v-inner-lg-0 v-inner-md-0 v-inner-0 style-731 style-local-937-c5 position-relative\">\n              <!---->\n              <!---->\n              <div class=\"w-100 h-y-container h-column__content h-column__v-align flex-basis-100\">\n                <!---->\n              <\/div>\n            <\/div>\n          <\/div>\n          <div class=\"h-column h-column-container d-flex h-col-lg-auto h-col-md-auto h-col-auto align-self-lg-end align-self-md-end align-self-end style-732-outer style-local-937-c6-outer\">\n            <div data-colibri-id=\"937-c6\" class=\"d-flex h-flex-basis h-column__inner h-ui-empty-state-container h-px-lg-0 h-px-md-0 h-px-0 v-inner-lg-0 v-inner-md-0 v-inner-0 style-732 style-local-937-c6 position-relative\">\n              <!---->\n              <!---->\n              <div class=\"w-100 h-y-container h-column__content h-column__v-align flex-basis-100\">\n                <!---->\n              <\/div>\n            <\/div>\n          <\/div>\n        <\/div>\n      <\/div>\n    <\/div>\n  <\/div>\n<\/div>","protected":false},"excerpt":{"rendered":"<p>Haftungsausschluss Die auf den Seiten ver\u00f6ffentlichten Medien unterstehen dem \u00f6sterreichischen Urheberrecht. Der Urheber der auf diesen Seiten befindlichen Medien weicht&nbsp;ggf. vom Webseiteninhaber ab. Der Webseiteninhaber sieht keine kommerzielle Nutzung der Medien vor und beansprucht keine Urheberschaft dieser Medien. Die Webseite www.felix-suttheimer.at und die zugeh\u00f6rigen Subseiten dienen der Ver\u00f6ffentlichung sowie Verbreitung von Wissen und haben ausschlie\u00dflich [&hellip;]<\/p>\n","protected":false},"author":1,"featured_media":0,"parent":338,"menu_order":0,"comment_status":"closed","ping_status":"closed","template":"page-templates\/full-width-page.php","meta":{"footnotes":""},"class_list":["post-937","page","type-page","status-publish","hentry"],"yoast_head":"<!-- This site is optimized with the Yoast SEO plugin v27.5 - https:\/\/yoast.com\/product\/yoast-seo-wordpress\/ -->\n<title>About - Felix Suttheimer<\/title>\n<meta name=\"robots\" content=\"index, follow, max-snippet:-1, max-image-preview:large, max-video-preview:-1\" \/>\n<link rel=\"canonical\" href=\"https:\/\/felix-suttheimer.at\/?page_id=937\" \/>\n<meta property=\"og:locale\" content=\"de_DE\" \/>\n<meta property=\"og:type\" content=\"article\" \/>\n<meta property=\"og:title\" content=\"About - Felix Suttheimer\" \/>\n<meta property=\"og:description\" content=\"Haftungsausschluss Die auf den Seiten ver\u00f6ffentlichten Medien unterstehen dem \u00f6sterreichischen Urheberrecht. Der Urheber der auf diesen Seiten befindlichen Medien weicht&nbsp;ggf. vom Webseiteninhaber ab. Der Webseiteninhaber sieht keine kommerzielle Nutzung der Medien vor und beansprucht keine Urheberschaft dieser Medien. Die Webseite www.felix-suttheimer.at und die zugeh\u00f6rigen Subseiten dienen der Ver\u00f6ffentlichung sowie Verbreitung von Wissen und haben ausschlie\u00dflich [&hellip;]\" \/>\n<meta property=\"og:url\" content=\"https:\/\/felix-suttheimer.at\/?page_id=937\" \/>\n<meta property=\"og:site_name\" content=\"Felix Suttheimer\" \/>\n<meta property=\"article:modified_time\" content=\"2021-01-03T15:36:01+00:00\" \/>\n<meta name=\"twitter:card\" content=\"summary_large_image\" \/>\n<script type=\"application\/ld+json\" class=\"yoast-schema-graph\">{\"@context\":\"https:\\\/\\\/schema.org\",\"@graph\":[{\"@type\":\"WebPage\",\"@id\":\"https:\\\/\\\/felix-suttheimer.at\\\/?page_id=937\",\"url\":\"https:\\\/\\\/felix-suttheimer.at\\\/?page_id=937\",\"name\":\"About - Felix Suttheimer\",\"isPartOf\":{\"@id\":\"https:\\\/\\\/felix-suttheimer.at\\\/#website\"},\"datePublished\":\"2020-10-12T14:18:20+00:00\",\"dateModified\":\"2021-01-03T15:36:01+00:00\",\"breadcrumb\":{\"@id\":\"https:\\\/\\\/felix-suttheimer.at\\\/?page_id=937#breadcrumb\"},\"inLanguage\":\"de\",\"potentialAction\":[{\"@type\":\"ReadAction\",\"target\":[\"https:\\\/\\\/felix-suttheimer.at\\\/?page_id=937\"]}]},{\"@type\":\"BreadcrumbList\",\"@id\":\"https:\\\/\\\/felix-suttheimer.at\\\/?page_id=937#breadcrumb\",\"itemListElement\":[{\"@type\":\"ListItem\",\"position\":1,\"name\":\"Startseite\",\"item\":\"https:\\\/\\\/felix-suttheimer.at\\\/\"},{\"@type\":\"ListItem\",\"position\":2,\"name\":\"Homepage_Main\",\"item\":\"https:\\\/\\\/felix-suttheimer.at\\\/\"},{\"@type\":\"ListItem\",\"position\":3,\"name\":\"About\"}]},{\"@type\":\"WebSite\",\"@id\":\"https:\\\/\\\/felix-suttheimer.at\\\/#website\",\"url\":\"https:\\\/\\\/felix-suttheimer.at\\\/\",\"name\":\"Felix Suttheimer\",\"description\":\"Portfolio\",\"potentialAction\":[{\"@type\":\"SearchAction\",\"target\":{\"@type\":\"EntryPoint\",\"urlTemplate\":\"https:\\\/\\\/felix-suttheimer.at\\\/?s={search_term_string}\"},\"query-input\":{\"@type\":\"PropertyValueSpecification\",\"valueRequired\":true,\"valueName\":\"search_term_string\"}}],\"inLanguage\":\"de\"}]}<\/script>\n<!-- \/ Yoast SEO plugin. -->","yoast_head_json":{"title":"About - Felix Suttheimer","robots":{"index":"index","follow":"follow","max-snippet":"max-snippet:-1","max-image-preview":"max-image-preview:large","max-video-preview":"max-video-preview:-1"},"canonical":"https:\/\/felix-suttheimer.at\/?page_id=937","og_locale":"de_DE","og_type":"article","og_title":"About - Felix Suttheimer","og_description":"Haftungsausschluss Die auf den Seiten ver\u00f6ffentlichten Medien unterstehen dem \u00f6sterreichischen Urheberrecht. Der Urheber der auf diesen Seiten befindlichen Medien weicht&nbsp;ggf. vom Webseiteninhaber ab. Der Webseiteninhaber sieht keine kommerzielle Nutzung der Medien vor und beansprucht keine Urheberschaft dieser Medien. Die Webseite www.felix-suttheimer.at und die zugeh\u00f6rigen Subseiten dienen der Ver\u00f6ffentlichung sowie Verbreitung von Wissen und haben ausschlie\u00dflich [&hellip;]","og_url":"https:\/\/felix-suttheimer.at\/?page_id=937","og_site_name":"Felix Suttheimer","article_modified_time":"2021-01-03T15:36:01+00:00","twitter_card":"summary_large_image","schema":{"@context":"https:\/\/schema.org","@graph":[{"@type":"WebPage","@id":"https:\/\/felix-suttheimer.at\/?page_id=937","url":"https:\/\/felix-suttheimer.at\/?page_id=937","name":"About - Felix Suttheimer","isPartOf":{"@id":"https:\/\/felix-suttheimer.at\/#website"},"datePublished":"2020-10-12T14:18:20+00:00","dateModified":"2021-01-03T15:36:01+00:00","breadcrumb":{"@id":"https:\/\/felix-suttheimer.at\/?page_id=937#breadcrumb"},"inLanguage":"de","potentialAction":[{"@type":"ReadAction","target":["https:\/\/felix-suttheimer.at\/?page_id=937"]}]},{"@type":"BreadcrumbList","@id":"https:\/\/felix-suttheimer.at\/?page_id=937#breadcrumb","itemListElement":[{"@type":"ListItem","position":1,"name":"Startseite","item":"https:\/\/felix-suttheimer.at\/"},{"@type":"ListItem","position":2,"name":"Homepage_Main","item":"https:\/\/felix-suttheimer.at\/"},{"@type":"ListItem","position":3,"name":"About"}]},{"@type":"WebSite","@id":"https:\/\/felix-suttheimer.at\/#website","url":"https:\/\/felix-suttheimer.at\/","name":"Felix Suttheimer","description":"Portfolio","potentialAction":[{"@type":"SearchAction","target":{"@type":"EntryPoint","urlTemplate":"https:\/\/felix-suttheimer.at\/?s={search_term_string}"},"query-input":{"@type":"PropertyValueSpecification","valueRequired":true,"valueName":"search_term_string"}}],"inLanguage":"de"}]}},"jetpack_sharing_enabled":true,"_links":{"self":[{"href":"https:\/\/felix-suttheimer.at\/index.php?rest_route=\/wp\/v2\/pages\/937","targetHints":{"allow":["GET"]}}],"collection":[{"href":"https:\/\/felix-suttheimer.at\/index.php?rest_route=\/wp\/v2\/pages"}],"about":[{"href":"https:\/\/felix-suttheimer.at\/index.php?rest_route=\/wp\/v2\/types\/page"}],"author":[{"embeddable":true,"href":"https:\/\/felix-suttheimer.at\/index.php?rest_route=\/wp\/v2\/users\/1"}],"replies":[{"embeddable":true,"href":"https:\/\/felix-suttheimer.at\/index.php?rest_route=%2Fwp%2Fv2%2Fcomments&post=937"}],"version-history":[{"count":17,"href":"https:\/\/felix-suttheimer.at\/index.php?rest_route=\/wp\/v2\/pages\/937\/revisions"}],"predecessor-version":[{"id":1456,"href":"https:\/\/felix-suttheimer.at\/index.php?rest_route=\/wp\/v2\/pages\/937\/revisions\/1456"}],"up":[{"embeddable":true,"href":"https:\/\/felix-suttheimer.at\/index.php?rest_route=\/wp\/v2\/pages\/338"}],"wp:attachment":[{"href":"https:\/\/felix-suttheimer.at\/index.php?rest_route=%2Fwp%2Fv2%2Fmedia&parent=937"}],"curies":[{"name":"wp","href":"https:\/\/api.w.org\/{rel}","templated":true}]}}