{"id":1284,"date":"2020-11-13T15:07:11","date_gmt":"2020-11-13T14:07:11","guid":{"rendered":"http:\/\/felix-suttheimer.at\/?page_id=1284"},"modified":"2021-04-27T12:06:09","modified_gmt":"2021-04-27T11:06:09","slug":"colibri-1284","status":"publish","type":"page","link":"https:\/\/felix-suttheimer.at\/?page_id=1284","title":{"rendered":"Impress"},"content":{"rendered":"<div data-colibri-id=\"1284-c1\" class=\"style-1007 style-local-1284-c1 position-relative\">\n  <!---->\n  <div data-colibri-component=\"section\" data-colibri-id=\"1284-c2\" id=\"custom\" class=\"h-section h-section-global-spacing d-flex align-items-lg-center align-items-md-center align-items-center style-1043 style-local-1284-c2 position-relative\">\n    <!---->\n    <!---->\n    <div class=\"h-section-grid-container h-section-boxed-container\">\n      <!---->\n      <div data-colibri-id=\"1284-c3\" class=\"h-row-container gutters-row-lg-1 gutters-row-md-1 gutters-row-0 gutters-row-v-lg-1 gutters-row-v-md-1 gutters-row-v-1 style-1044 style-local-1284-c3 position-relative\">\n        <!---->\n        <div class=\"h-row justify-content-lg-center justify-content-md-center justify-content-center align-items-lg-stretch align-items-md-stretch align-items-stretch gutters-col-lg-1 gutters-col-md-1 gutters-col-0 gutters-col-v-lg-1 gutters-col-v-md-1 gutters-col-v-1\">\n          <!---->\n          <div class=\"h-column h-column-container d-flex h-col-lg-auto h-col-md-auto h-col-auto style-1045-outer style-local-1284-c4-outer\">\n            <div data-colibri-id=\"1284-c4\" class=\"d-flex h-flex-basis h-column__inner h-px-lg-1 h-px-md-1 h-px-1 v-inner-lg-1 v-inner-md-1 v-inner-1 style-1045 style-local-1284-c4 position-relative\">\n              <!---->\n              <!---->\n              <div class=\"w-100 h-y-container h-column__content h-column__v-align flex-basis-100 align-self-lg-start align-self-md-start align-self-start\">\n                <!---->\n                <div data-colibri-id=\"1284-c5\" class=\"h-text h-text-component style-1046 style-local-1284-c5 position-relative h-element\">\n                  <!---->\n                  <!---->\n                  <div class=\"\">\n                    <p>Medieninhaber:<\/p>\n                    <p>Felix Suttheimer\n                      <br>+43(0)6601609247\n                      <br>suttheimer.productions@gmail.com\n                      <br>www.felix-suttheimer.at<\/p>\n                  <\/div>\n                <\/div>\n              <\/div>\n            <\/div>\n          <\/div>\n        <\/div>\n      <\/div>\n      <div data-colibri-id=\"1284-c6\" class=\"h-row-container gutters-row-lg-0 gutters-row-md-0 gutters-row-0 gutters-row-v-lg-0 gutters-row-v-md-0 gutters-row-v-0 style-1047 style-local-1284-c6 position-relative\">\n        <!---->\n        <div class=\"h-row justify-content-lg-center justify-content-md-center justify-content-center align-items-lg-stretch align-items-md-stretch align-items-stretch gutters-col-lg-0 gutters-col-md-0 gutters-col-0 gutters-col-v-lg-0 gutters-col-v-md-0 gutters-col-v-0\">\n          <!---->\n          <div class=\"h-column h-column-container d-flex h-col-lg-auto h-col-md-auto h-col-auto style-1048-outer style-local-1284-c7-outer\">\n            <div data-colibri-id=\"1284-c7\" class=\"d-flex h-flex-basis h-column__inner h-px-lg-0 h-px-md-0 h-px-0 v-inner-lg-0 v-inner-md-0 v-inner-0 style-1048 style-local-1284-c7 position-relative\">\n              <!---->\n              <!---->\n              <div class=\"w-100 h-y-container h-column__content h-column__v-align flex-basis-100 align-self-lg-start align-self-md-start align-self-start\">\n                <!---->\n                <div data-colibri-id=\"1284-c8\" class=\"h-global-transition-all h-heading style-1050 style-local-1284-c8 position-relative h-element\">\n                  <!---->\n                  <div class=\"h-heading__outer style-1050 style-local-1284-c8\">\n                    <!---->\n                    <!---->\n                    <h5 class=\"\">Impressum<\/h5>\n                  <\/div>\n                <\/div>\n              <\/div>\n            <\/div>\n          <\/div>\n          <div class=\"h-column h-column-container d-flex h-col-lg-auto h-col-md-auto h-col-auto style-1049-outer style-local-1284-c9-outer\">\n            <div data-colibri-id=\"1284-c9\" class=\"d-flex h-flex-basis h-column__inner h-ui-empty-state-container h-px-lg-0 h-px-md-0 h-px-0 v-inner-lg-0 v-inner-md-0 v-inner-0 style-1049 style-local-1284-c9 position-relative\">\n              <!---->\n              <!---->\n              <div class=\"w-100 h-y-container h-column__content h-column__v-align flex-basis-100\">\n                <!---->\n              <\/div>\n            <\/div>\n          <\/div>\n        <\/div>\n      <\/div>\n      <div data-colibri-id=\"1284-c10\" class=\"h-row-container gutters-row-lg-0 gutters-row-md-0 gutters-row-0 gutters-row-v-lg-0 gutters-row-v-md-0 gutters-row-v-0 style-1063 style-local-1284-c10 position-relative\">\n        <!---->\n        <div class=\"h-row justify-content-lg-center justify-content-md-center justify-content-center align-items-lg-stretch align-items-md-stretch align-items-stretch gutters-col-lg-0 gutters-col-md-0 gutters-col-0 gutters-col-v-lg-0 gutters-col-v-md-0 gutters-col-v-0\">\n          <!---->\n          <div class=\"h-column h-column-container d-flex h-col-lg-auto h-col-md-auto h-col-auto style-1064-outer style-local-1284-c11-outer\">\n            <div data-colibri-id=\"1284-c11\" class=\"d-flex h-flex-basis h-column__inner h-px-lg-0 h-px-md-0 h-px-0 v-inner-lg-0 v-inner-md-0 v-inner-0 style-1064 style-local-1284-c11 position-relative\">\n              <!---->\n              <!---->\n              <div class=\"w-100 h-y-container h-column__content h-column__v-align flex-basis-100 align-self-lg-start align-self-md-start align-self-start\">\n                <!---->\n                <div data-colibri-id=\"1284-c12\" class=\"h-text h-text-component style-1054 style-local-1284-c12 position-relative h-element\">\n                  <!---->\n                  <!---->\n                  <div class=\"\">\n                    <p>Die auf dieser Website ver\u00f6ffentlichten Beitr\u00e4ge sind urheberrechtlich gesch\u00fctzt. Alle Rechte bleiben vorbehalten. Der Medieninhaber kann f\u00fcr die Inhalte der verlinkten Websites keine Haftung \u00fcbernehmen. Wir bem\u00fchen uns um Qualit\u00e4t,\n                      Aktualit\u00e4t und Richtigkeit der Informationen; Fehler und Irrt\u00fcmer k\u00f6nnen aber nicht ausgeschlossen werden. R\u00fcckmeldungen werden gerne entgegengenommen. Links zu anderen Websites wurden sorgf\u00e4ltig ausgew\u00e4hlt. Auf deren Inhalt hat\n                      der Medieninhaber jedoch keinen Einfluss und kann daher keine Verantwortung \u00fcbernehmen.<\/p>\n                    <p>Nach Art 13 DSGVO werden betroffene Personen dar\u00fcber informiert, wenn personenbezogene Daten verarbeitet werden.<\/p>\n                    <p>\n                      <br>\n                    <\/p>\n                    <p>\n                      <br>\n                    <\/p>\n                  <\/div>\n                <\/div>\n              <\/div>\n            <\/div>\n          <\/div>\n        <\/div>\n      <\/div>\n    <\/div>\n  <\/div>\n<\/div>","protected":false},"excerpt":{"rendered":"<p>Medieninhaber: Felix Suttheimer +43(0)6601609247 suttheimer.productions@gmail.com www.felix-suttheimer.at Impressum Die auf dieser Website ver\u00f6ffentlichten Beitr\u00e4ge sind urheberrechtlich gesch\u00fctzt. Alle Rechte bleiben vorbehalten. Der Medieninhaber kann f\u00fcr die Inhalte der verlinkten Websites keine Haftung \u00fcbernehmen. Wir bem\u00fchen uns um Qualit\u00e4t, Aktualit\u00e4t und Richtigkeit der Informationen; Fehler und Irrt\u00fcmer k\u00f6nnen aber nicht ausgeschlossen werden. R\u00fcckmeldungen werden gerne entgegengenommen. Links [&hellip;]<\/p>\n","protected":false},"author":1,"featured_media":0,"parent":338,"menu_order":0,"comment_status":"closed","ping_status":"closed","template":"page-templates\/full-width-page.php","meta":{"footnotes":""},"class_list":["post-1284","page","type-page","status-publish","hentry"],"yoast_head":"<!-- This site is optimized with the Yoast SEO plugin v27.5 - https:\/\/yoast.com\/product\/yoast-seo-wordpress\/ -->\n<title>Impress - Felix Suttheimer<\/title>\n<meta name=\"robots\" content=\"index, follow, max-snippet:-1, max-image-preview:large, max-video-preview:-1\" \/>\n<link rel=\"canonical\" href=\"https:\/\/felix-suttheimer.at\/?page_id=1284\" \/>\n<meta property=\"og:locale\" content=\"de_DE\" \/>\n<meta property=\"og:type\" content=\"article\" \/>\n<meta property=\"og:title\" content=\"Impress - Felix Suttheimer\" \/>\n<meta property=\"og:description\" content=\"Medieninhaber: Felix Suttheimer +43(0)6601609247 suttheimer.productions@gmail.com www.felix-suttheimer.at Impressum Die auf dieser Website ver\u00f6ffentlichten Beitr\u00e4ge sind urheberrechtlich gesch\u00fctzt. Alle Rechte bleiben vorbehalten. Der Medieninhaber kann f\u00fcr die Inhalte der verlinkten Websites keine Haftung \u00fcbernehmen. Wir bem\u00fchen uns um Qualit\u00e4t, Aktualit\u00e4t und Richtigkeit der Informationen; Fehler und Irrt\u00fcmer k\u00f6nnen aber nicht ausgeschlossen werden. R\u00fcckmeldungen werden gerne entgegengenommen. Links [&hellip;]\" \/>\n<meta property=\"og:url\" content=\"https:\/\/felix-suttheimer.at\/?page_id=1284\" \/>\n<meta property=\"og:site_name\" content=\"Felix Suttheimer\" \/>\n<meta property=\"article:modified_time\" content=\"2021-04-27T11:06:09+00:00\" \/>\n<meta name=\"twitter:card\" content=\"summary_large_image\" \/>\n<meta name=\"twitter:label1\" content=\"Gesch\u00e4tzte Lesezeit\" \/>\n\t<meta name=\"twitter:data1\" content=\"1\u00a0Minute\" \/>\n<script type=\"application\/ld+json\" class=\"yoast-schema-graph\">{\"@context\":\"https:\\\/\\\/schema.org\",\"@graph\":[{\"@type\":\"WebPage\",\"@id\":\"https:\\\/\\\/felix-suttheimer.at\\\/?page_id=1284\",\"url\":\"https:\\\/\\\/felix-suttheimer.at\\\/?page_id=1284\",\"name\":\"Impress - Felix Suttheimer\",\"isPartOf\":{\"@id\":\"https:\\\/\\\/felix-suttheimer.at\\\/#website\"},\"datePublished\":\"2020-11-13T14:07:11+00:00\",\"dateModified\":\"2021-04-27T11:06:09+00:00\",\"breadcrumb\":{\"@id\":\"https:\\\/\\\/felix-suttheimer.at\\\/?page_id=1284#breadcrumb\"},\"inLanguage\":\"de\",\"potentialAction\":[{\"@type\":\"ReadAction\",\"target\":[\"https:\\\/\\\/felix-suttheimer.at\\\/?page_id=1284\"]}]},{\"@type\":\"BreadcrumbList\",\"@id\":\"https:\\\/\\\/felix-suttheimer.at\\\/?page_id=1284#breadcrumb\",\"itemListElement\":[{\"@type\":\"ListItem\",\"position\":1,\"name\":\"Startseite\",\"item\":\"https:\\\/\\\/felix-suttheimer.at\\\/\"},{\"@type\":\"ListItem\",\"position\":2,\"name\":\"Homepage_Main\",\"item\":\"https:\\\/\\\/felix-suttheimer.at\\\/\"},{\"@type\":\"ListItem\",\"position\":3,\"name\":\"Impress\"}]},{\"@type\":\"WebSite\",\"@id\":\"https:\\\/\\\/felix-suttheimer.at\\\/#website\",\"url\":\"https:\\\/\\\/felix-suttheimer.at\\\/\",\"name\":\"Felix Suttheimer\",\"description\":\"Portfolio\",\"potentialAction\":[{\"@type\":\"SearchAction\",\"target\":{\"@type\":\"EntryPoint\",\"urlTemplate\":\"https:\\\/\\\/felix-suttheimer.at\\\/?s={search_term_string}\"},\"query-input\":{\"@type\":\"PropertyValueSpecification\",\"valueRequired\":true,\"valueName\":\"search_term_string\"}}],\"inLanguage\":\"de\"}]}<\/script>\n<!-- \/ Yoast SEO plugin. -->","yoast_head_json":{"title":"Impress - Felix Suttheimer","robots":{"index":"index","follow":"follow","max-snippet":"max-snippet:-1","max-image-preview":"max-image-preview:large","max-video-preview":"max-video-preview:-1"},"canonical":"https:\/\/felix-suttheimer.at\/?page_id=1284","og_locale":"de_DE","og_type":"article","og_title":"Impress - Felix Suttheimer","og_description":"Medieninhaber: Felix Suttheimer +43(0)6601609247 suttheimer.productions@gmail.com www.felix-suttheimer.at Impressum Die auf dieser Website ver\u00f6ffentlichten Beitr\u00e4ge sind urheberrechtlich gesch\u00fctzt. Alle Rechte bleiben vorbehalten. Der Medieninhaber kann f\u00fcr die Inhalte der verlinkten Websites keine Haftung \u00fcbernehmen. Wir bem\u00fchen uns um Qualit\u00e4t, Aktualit\u00e4t und Richtigkeit der Informationen; Fehler und Irrt\u00fcmer k\u00f6nnen aber nicht ausgeschlossen werden. R\u00fcckmeldungen werden gerne entgegengenommen. Links [&hellip;]","og_url":"https:\/\/felix-suttheimer.at\/?page_id=1284","og_site_name":"Felix Suttheimer","article_modified_time":"2021-04-27T11:06:09+00:00","twitter_card":"summary_large_image","twitter_misc":{"Gesch\u00e4tzte Lesezeit":"1\u00a0Minute"},"schema":{"@context":"https:\/\/schema.org","@graph":[{"@type":"WebPage","@id":"https:\/\/felix-suttheimer.at\/?page_id=1284","url":"https:\/\/felix-suttheimer.at\/?page_id=1284","name":"Impress - Felix Suttheimer","isPartOf":{"@id":"https:\/\/felix-suttheimer.at\/#website"},"datePublished":"2020-11-13T14:07:11+00:00","dateModified":"2021-04-27T11:06:09+00:00","breadcrumb":{"@id":"https:\/\/felix-suttheimer.at\/?page_id=1284#breadcrumb"},"inLanguage":"de","potentialAction":[{"@type":"ReadAction","target":["https:\/\/felix-suttheimer.at\/?page_id=1284"]}]},{"@type":"BreadcrumbList","@id":"https:\/\/felix-suttheimer.at\/?page_id=1284#breadcrumb","itemListElement":[{"@type":"ListItem","position":1,"name":"Startseite","item":"https:\/\/felix-suttheimer.at\/"},{"@type":"ListItem","position":2,"name":"Homepage_Main","item":"https:\/\/felix-suttheimer.at\/"},{"@type":"ListItem","position":3,"name":"Impress"}]},{"@type":"WebSite","@id":"https:\/\/felix-suttheimer.at\/#website","url":"https:\/\/felix-suttheimer.at\/","name":"Felix Suttheimer","description":"Portfolio","potentialAction":[{"@type":"SearchAction","target":{"@type":"EntryPoint","urlTemplate":"https:\/\/felix-suttheimer.at\/?s={search_term_string}"},"query-input":{"@type":"PropertyValueSpecification","valueRequired":true,"valueName":"search_term_string"}}],"inLanguage":"de"}]}},"jetpack_sharing_enabled":true,"_links":{"self":[{"href":"https:\/\/felix-suttheimer.at\/index.php?rest_route=\/wp\/v2\/pages\/1284","targetHints":{"allow":["GET"]}}],"collection":[{"href":"https:\/\/felix-suttheimer.at\/index.php?rest_route=\/wp\/v2\/pages"}],"about":[{"href":"https:\/\/felix-suttheimer.at\/index.php?rest_route=\/wp\/v2\/types\/page"}],"author":[{"embeddable":true,"href":"https:\/\/felix-suttheimer.at\/index.php?rest_route=\/wp\/v2\/users\/1"}],"replies":[{"embeddable":true,"href":"https:\/\/felix-suttheimer.at\/index.php?rest_route=%2Fwp%2Fv2%2Fcomments&post=1284"}],"version-history":[{"count":10,"href":"https:\/\/felix-suttheimer.at\/index.php?rest_route=\/wp\/v2\/pages\/1284\/revisions"}],"predecessor-version":[{"id":1503,"href":"https:\/\/felix-suttheimer.at\/index.php?rest_route=\/wp\/v2\/pages\/1284\/revisions\/1503"}],"up":[{"embeddable":true,"href":"https:\/\/felix-suttheimer.at\/index.php?rest_route=\/wp\/v2\/pages\/338"}],"wp:attachment":[{"href":"https:\/\/felix-suttheimer.at\/index.php?rest_route=%2Fwp%2Fv2%2Fmedia&parent=1284"}],"curies":[{"name":"wp","href":"https:\/\/api.w.org\/{rel}","templated":true}]}}